{"id":428,"date":"2022-03-22T15:21:18","date_gmt":"2022-03-22T15:21:18","guid":{"rendered":"https:\/\/colegiomedicotucuman.com.ar\/soccientificas\/?page_id=428"},"modified":"2022-03-22T23:47:22","modified_gmt":"2022-03-22T23:47:22","slug":"sent","status":"publish","type":"page","link":"https:\/\/colegiomedicotucuman.com.ar\/soccientificas\/inicio\/sent\/","title":{"rendered":"SENT"},"content":{"rendered":"\t\t<div data-elementor-type=\"wp-page\" data-elementor-id=\"428\" class=\"elementor elementor-428\">\n\t\t\t\t\t\t<section class=\"elementor-section elementor-top-section elementor-element elementor-element-f39ddc2 elementor-section-full_width elementor-section-height-min-height elementor-section-height-default elementor-section-items-middle\" data-id=\"f39ddc2\" data-element_type=\"section\" data-e-type=\"section\" data-settings=\"{&quot;background_background&quot;:&quot;classic&quot;}\">\n\t\t\t\t\t\t\t<div class=\"elementor-background-overlay\"><\/div>\n\t\t\t\t\t\t\t<div class=\"elementor-container elementor-column-gap-default\">\n\t\t\t\t\t<div class=\"elementor-column elementor-col-100 elementor-top-column elementor-element elementor-element-8b2055a\" data-id=\"8b2055a\" data-element_type=\"column\" data-e-type=\"column\">\n\t\t\t<div class=\"elementor-widget-wrap elementor-element-populated\">\n\t\t\t\t\t\t<section class=\"elementor-section elementor-inner-section elementor-element elementor-element-03cdbaa elementor-section-boxed elementor-section-height-default elementor-section-height-default\" data-id=\"03cdbaa\" data-element_type=\"section\" data-e-type=\"section\">\n\t\t\t\t\t\t<div class=\"elementor-container elementor-column-gap-default\">\n\t\t\t\t\t<div class=\"elementor-column elementor-col-50 elementor-inner-column elementor-element elementor-element-d937e4e\" data-id=\"d937e4e\" data-element_type=\"column\" data-e-type=\"column\">\n\t\t\t<div class=\"elementor-widget-wrap elementor-element-populated\">\n\t\t\t\t\t\t<div class=\"elementor-element elementor-element-79baa8c elementor-widget elementor-widget-image\" data-id=\"79baa8c\" data-element_type=\"widget\" data-e-type=\"widget\" data-widget_type=\"image.default\">\n\t\t\t\t<div class=\"elementor-widget-container\">\n\t\t\t\t\t\t\t\t\t\t\t\t\t\t\t<img decoding=\"async\" width=\"150\" height=\"150\" src=\"https:\/\/colegiomedicotucuman.com.ar\/soccientificas\/wp-content\/uploads\/2022\/03\/cmt-web-img-log-soc-cient-endocrinol-ago-2021-150x150-1.png\" class=\"attachment-large size-large wp-image-162\" alt=\"\" \/>\t\t\t\t\t\t\t\t\t\t\t\t\t\t\t<\/div>\n\t\t\t\t<\/div>\n\t\t\t\t\t<\/div>\n\t\t<\/div>\n\t\t\t\t<div class=\"elementor-column elementor-col-50 elementor-inner-column elementor-element elementor-element-15961b9\" data-id=\"15961b9\" data-element_type=\"column\" data-e-type=\"column\">\n\t\t\t<div class=\"elementor-widget-wrap elementor-element-populated\">\n\t\t\t\t\t\t<div class=\"elementor-element elementor-element-c3e9db5 elementor-widget elementor-widget-heading\" data-id=\"c3e9db5\" data-element_type=\"widget\" data-e-type=\"widget\" data-widget_type=\"heading.default\">\n\t\t\t\t<div class=\"elementor-widget-container\">\n\t\t\t\t\t<h2 class=\"elementor-heading-title elementor-size-default\">SOCIEDAD DE ENDOCRINOLOGIA Y NUTRICI\u00d3N DE TUCUM\u00c1N SENT<\/h2>\t\t\t\t<\/div>\n\t\t\t\t<\/div>\n\t\t\t\t\t<\/div>\n\t\t<\/div>\n\t\t\t\t\t<\/div>\n\t\t<\/section>\n\t\t\t\t\t<\/div>\n\t\t<\/div>\n\t\t\t\t\t<\/div>\n\t\t<\/section>\n\t\t\t\t<section class=\"elementor-section elementor-top-section elementor-element elementor-element-0e3891b elementor-section-boxed elementor-section-height-default elementor-section-height-default\" data-id=\"0e3891b\" data-element_type=\"section\" data-e-type=\"section\">\n\t\t\t\t\t\t<div class=\"elementor-container elementor-column-gap-default\">\n\t\t\t\t\t<div class=\"elementor-column elementor-col-100 elementor-top-column elementor-element elementor-element-8496d5f\" data-id=\"8496d5f\" data-element_type=\"column\" data-e-type=\"column\">\n\t\t\t<div class=\"elementor-widget-wrap elementor-element-populated\">\n\t\t\t\t\t\t<div class=\"elementor-element elementor-element-025e911 elementor-widget elementor-widget-heading\" data-id=\"025e911\" data-element_type=\"widget\" data-e-type=\"widget\" data-widget_type=\"heading.default\">\n\t\t\t\t<div class=\"elementor-widget-container\">\n\t\t\t\t\t<h2 class=\"elementor-heading-title elementor-size-default\">AUTORIDADES<\/h2>\t\t\t\t<\/div>\n\t\t\t\t<\/div>\n\t\t\t\t<div class=\"elementor-element elementor-element-c9f2729 elementor-widget elementor-widget-heading\" data-id=\"c9f2729\" data-element_type=\"widget\" data-e-type=\"widget\" data-widget_type=\"heading.default\">\n\t\t\t\t<div class=\"elementor-widget-container\">\n\t\t\t\t\t<h2 class=\"elementor-heading-title elementor-size-default\">Presidente: Dr. Ver\u00f3nica Pappalardo<\/h2>\t\t\t\t<\/div>\n\t\t\t\t<\/div>\n\t\t\t\t\t<\/div>\n\t\t<\/div>\n\t\t\t\t\t<\/div>\n\t\t<\/section>\n\t\t\t\t<section class=\"elementor-section elementor-top-section elementor-element elementor-element-8b8347f elementor-section-boxed elementor-section-height-default elementor-section-height-default\" data-id=\"8b8347f\" data-element_type=\"section\" data-e-type=\"section\">\n\t\t\t\t\t\t<div class=\"elementor-container elementor-column-gap-default\">\n\t\t\t\t\t<div class=\"elementor-column elementor-col-100 elementor-top-column elementor-element elementor-element-5ba0927\" data-id=\"5ba0927\" data-element_type=\"column\" data-e-type=\"column\">\n\t\t\t<div class=\"elementor-widget-wrap elementor-element-populated\">\n\t\t\t\t\t\t<div class=\"elementor-element elementor-element-205119e elementor-widget elementor-widget-heading\" data-id=\"205119e\" data-element_type=\"widget\" data-e-type=\"widget\" data-widget_type=\"heading.default\">\n\t\t\t\t<div class=\"elementor-widget-container\">\n\t\t\t\t\t<h2 class=\"elementor-heading-title elementor-size-default\">CONTACTO<\/h2>\t\t\t\t<\/div>\n\t\t\t\t<\/div>\n\t\t\t\t<div class=\"elementor-element elementor-element-e148113 elementor-widget elementor-widget-heading\" data-id=\"e148113\" data-element_type=\"widget\" data-e-type=\"widget\" data-widget_type=\"heading.default\">\n\t\t\t\t<div class=\"elementor-widget-container\">\n\t\t\t\t\t<h2 class=\"elementor-heading-title elementor-size-default\">SEDE: Combate de Las Piedras 400 \u2013San Miguel de Tucum\u00e1n \u2013 Tucum\u00e1n <BR>\nTEL\u00c9FONOS: 3815421818 <BR>\nEMAIL: vquevedomartin@gmail.com \/ sent.endocrino.tucuman@gmail.com<\/h2>\t\t\t\t<\/div>\n\t\t\t\t<\/div>\n\t\t\t\t\t<\/div>\n\t\t<\/div>\n\t\t\t\t\t<\/div>\n\t\t<\/section>\n\t\t\t\t<section class=\"elementor-section elementor-top-section elementor-element elementor-element-c6f749a elementor-section-boxed elementor-section-height-default elementor-section-height-default\" data-id=\"c6f749a\" data-element_type=\"section\" data-e-type=\"section\">\n\t\t\t\t\t\t<div class=\"elementor-container elementor-column-gap-default\">\n\t\t\t\t\t<div class=\"elementor-column elementor-col-100 elementor-top-column elementor-element elementor-element-8b8d1a3\" data-id=\"8b8d1a3\" data-element_type=\"column\" data-e-type=\"column\">\n\t\t\t<div class=\"elementor-widget-wrap elementor-element-populated\">\n\t\t\t\t\t\t<div class=\"elementor-element elementor-element-7ef3eb3 elementor-widget elementor-widget-heading\" data-id=\"7ef3eb3\" data-element_type=\"widget\" data-e-type=\"widget\" data-widget_type=\"heading.default\">\n\t\t\t\t<div class=\"elementor-widget-container\">\n\t\t\t\t\t<h2 class=\"elementor-heading-title elementor-size-default\">REDES<\/h2>\t\t\t\t<\/div>\n\t\t\t\t<\/div>\n\t\t\t\t\t<\/div>\n\t\t<\/div>\n\t\t\t\t\t<\/div>\n\t\t<\/section>\n\t\t\t\t<section class=\"elementor-section elementor-top-section elementor-element elementor-element-b85f3e7 elementor-section-boxed elementor-section-height-default elementor-section-height-default\" data-id=\"b85f3e7\" data-element_type=\"section\" data-e-type=\"section\">\n\t\t\t\t\t\t<div class=\"elementor-container elementor-column-gap-default\">\n\t\t\t\t\t<div class=\"elementor-column elementor-col-25 elementor-top-column elementor-element elementor-element-bce3fec\" data-id=\"bce3fec\" data-element_type=\"column\" data-e-type=\"column\">\n\t\t\t<div class=\"elementor-widget-wrap\">\n\t\t\t\t\t\t\t<\/div>\n\t\t<\/div>\n\t\t\t\t<div class=\"elementor-column elementor-col-25 elementor-top-column elementor-element elementor-element-a62ac34\" data-id=\"a62ac34\" data-element_type=\"column\" data-e-type=\"column\">\n\t\t\t<div class=\"elementor-widget-wrap elementor-element-populated\">\n\t\t\t\t\t\t<div class=\"elementor-element elementor-element-c1a8daa elementor-widget elementor-widget-image\" data-id=\"c1a8daa\" data-element_type=\"widget\" data-e-type=\"widget\" data-widget_type=\"image.default\">\n\t\t\t\t<div class=\"elementor-widget-container\">\n\t\t\t\t\t\t\t\t\t\t\t\t\t\t\t\t<a href=\"https:\/\/m.facebook.com\/Sociedad-de-Endocrinolog%C3%ADa-y-Nutrici%C3%B3n-de-Tucum%C3%A1n-1399882013400529\/\" target=\"_blank\">\n\t\t\t\t\t\t\t<img decoding=\"async\" width=\"50\" height=\"50\" src=\"https:\/\/colegiomedicotucuman.com.ar\/soccientificas\/wp-content\/uploads\/2022\/03\/facebook-pb0axabejftpcbmzevzo1r2v2g7t7ljt7cqh6yzc6s.png\" class=\"attachment-large size-large wp-image-282\" alt=\"\" \/>\t\t\t\t\t\t\t\t<\/a>\n\t\t\t\t\t\t\t\t\t\t\t\t\t\t\t<\/div>\n\t\t\t\t<\/div>\n\t\t\t\t\t<\/div>\n\t\t<\/div>\n\t\t\t\t<div class=\"elementor-column elementor-col-25 elementor-top-column elementor-element elementor-element-2c4b1c6\" data-id=\"2c4b1c6\" data-element_type=\"column\" data-e-type=\"column\">\n\t\t\t<div class=\"elementor-widget-wrap elementor-element-populated\">\n\t\t\t\t\t\t<div class=\"elementor-element elementor-element-57e2cbd elementor-widget elementor-widget-image\" data-id=\"57e2cbd\" data-element_type=\"widget\" data-e-type=\"widget\" data-widget_type=\"image.default\">\n\t\t\t\t<div class=\"elementor-widget-container\">\n\t\t\t\t\t\t\t\t\t\t\t\t\t\t\t\t<a href=\"https:\/\/www.instagram.com\/sent_tucuman\/\" target=\"_blank\">\n\t\t\t\t\t\t\t<img decoding=\"async\" width=\"50\" height=\"50\" src=\"https:\/\/colegiomedicotucuman.com.ar\/soccientificas\/wp-content\/uploads\/2022\/03\/instagram-pb0bv7br58969sded1s1ioympz1lyf74v867leoxo4.png\" class=\"attachment-large size-large wp-image-379\" alt=\"\" \/>\t\t\t\t\t\t\t\t<\/a>\n\t\t\t\t\t\t\t\t\t\t\t\t\t\t\t<\/div>\n\t\t\t\t<\/div>\n\t\t\t\t\t<\/div>\n\t\t<\/div>\n\t\t\t\t<div class=\"elementor-column elementor-col-25 elementor-top-column elementor-element elementor-element-ab95104\" data-id=\"ab95104\" data-element_type=\"column\" data-e-type=\"column\">\n\t\t\t<div class=\"elementor-widget-wrap\">\n\t\t\t\t\t\t\t<\/div>\n\t\t<\/div>\n\t\t\t\t\t<\/div>\n\t\t<\/section>\n\t\t\t\t<section class=\"elementor-section elementor-top-section elementor-element elementor-element-17f64ee elementor-section-boxed elementor-section-height-default elementor-section-height-default\" data-id=\"17f64ee\" data-element_type=\"section\" data-e-type=\"section\">\n\t\t\t\t\t\t<div class=\"elementor-container elementor-column-gap-default\">\n\t\t\t\t\t<div class=\"elementor-column elementor-col-100 elementor-top-column elementor-element elementor-element-83222f1\" data-id=\"83222f1\" data-element_type=\"column\" data-e-type=\"column\">\n\t\t\t<div class=\"elementor-widget-wrap elementor-element-populated\">\n\t\t\t\t\t\t<div class=\"elementor-element elementor-element-9c76a61 elementor-widget elementor-widget-heading\" data-id=\"9c76a61\" data-element_type=\"widget\" data-e-type=\"widget\" data-widget_type=\"heading.default\">\n\t\t\t\t<div class=\"elementor-widget-container\">\n\t\t\t\t\t<h2 class=\"elementor-heading-title elementor-size-default\">EFEM\u00c9RIDES<\/h2>\t\t\t\t<\/div>\n\t\t\t\t<\/div>\n\t\t\t\t<div class=\"elementor-element elementor-element-28a4a66 elementor-widget elementor-widget-heading\" data-id=\"28a4a66\" data-element_type=\"widget\" data-e-type=\"widget\" data-widget_type=\"heading.default\">\n\t\t\t\t<div class=\"elementor-widget-container\">\n\t\t\t\t\t<h2 class=\"elementor-heading-title elementor-size-default\">25 de Mayo \/ D\u00eda Mundial de Tiroides<\/h2>\t\t\t\t<\/div>\n\t\t\t\t<\/div>\n\t\t\t\t\t<\/div>\n\t\t<\/div>\n\t\t\t\t\t<\/div>\n\t\t<\/section>\n\t\t\t\t<\/div>\n\t\t","protected":false},"excerpt":{"rendered":"<p>SOCIEDAD DE ENDOCRINOLOGIA Y NUTRICI\u00d3N DE TUCUM\u00c1N SENT AUTORIDADES Presidente: Dr. Ver\u00f3nica Pappalardo CONTACTO SEDE: Combate de Las Piedras 400 \u2013San Miguel de Tucum\u00e1n \u2013 Tucum\u00e1n TEL\u00c9FONOS: 3815421818 EMAIL: vquevedomartin@gmail.com \/ sent.endocrino.tucuman@gmail.com REDES EFEM\u00c9RIDES 25 de Mayo \/ D\u00eda Mundial de Tiroides<\/p>\n","protected":false},"author":2,"featured_media":0,"parent":5,"menu_order":0,"comment_status":"closed","ping_status":"closed","template":"elementor_header_footer","meta":{"ocean_post_layout":"","ocean_both_sidebars_style":"","ocean_both_sidebars_content_width":0,"ocean_both_sidebars_sidebars_width":0,"ocean_sidebar":"0","ocean_second_sidebar":"0","ocean_disable_margins":"enable","ocean_add_body_class":"","ocean_shortcode_before_top_bar":"","ocean_shortcode_after_top_bar":"","ocean_shortcode_before_header":"","ocean_shortcode_after_header":"","ocean_has_shortcode":"","ocean_shortcode_after_title":"","ocean_shortcode_before_footer_widgets":"","ocean_shortcode_after_footer_widgets":"","ocean_shortcode_before_footer_bottom":"","ocean_shortcode_after_footer_bottom":"","ocean_display_top_bar":"default","ocean_display_header":"default","ocean_header_style":"","ocean_center_header_left_menu":"0","ocean_custom_header_template":"0","ocean_custom_logo":0,"ocean_custom_retina_logo":0,"ocean_custom_logo_max_width":0,"ocean_custom_logo_tablet_max_width":0,"ocean_custom_logo_mobile_max_width":0,"ocean_custom_logo_max_height":0,"ocean_custom_logo_tablet_max_height":0,"ocean_custom_logo_mobile_max_height":0,"ocean_header_custom_menu":"0","ocean_menu_typo_font_family":"0","ocean_menu_typo_font_subset":"","ocean_menu_typo_font_size":0,"ocean_menu_typo_font_size_tablet":0,"ocean_menu_typo_font_size_mobile":0,"ocean_menu_typo_font_size_unit":"px","ocean_menu_typo_font_weight":"","ocean_menu_typo_font_weight_tablet":"","ocean_menu_typo_font_weight_mobile":"","ocean_menu_typo_transform":"","ocean_menu_typo_transform_tablet":"","ocean_menu_typo_transform_mobile":"","ocean_menu_typo_line_height":0,"ocean_menu_typo_line_height_tablet":0,"ocean_menu_typo_line_height_mobile":0,"ocean_menu_typo_line_height_unit":"","ocean_menu_typo_spacing":0,"ocean_menu_typo_spacing_tablet":0,"ocean_menu_typo_spacing_mobile":0,"ocean_menu_typo_spacing_unit":"","ocean_menu_link_color":"","ocean_menu_link_color_hover":"","ocean_menu_link_color_active":"","ocean_menu_link_background":"","ocean_menu_link_hover_background":"","ocean_menu_link_active_background":"","ocean_menu_social_links_bg":"","ocean_menu_social_hover_links_bg":"","ocean_menu_social_links_color":"","ocean_menu_social_hover_links_color":"","ocean_disable_title":"default","ocean_disable_heading":"default","ocean_post_title":"","ocean_post_subheading":"","ocean_post_title_style":"","ocean_post_title_background_color":"","ocean_post_title_background":0,"ocean_post_title_bg_image_position":"","ocean_post_title_bg_image_attachment":"","ocean_post_title_bg_image_repeat":"","ocean_post_title_bg_image_size":"","ocean_post_title_height":0,"ocean_post_title_bg_overlay":0.5,"ocean_post_title_bg_overlay_color":"","ocean_disable_breadcrumbs":"default","ocean_breadcrumbs_color":"","ocean_breadcrumbs_separator_color":"","ocean_breadcrumbs_links_color":"","ocean_breadcrumbs_links_hover_color":"","ocean_display_footer_widgets":"default","ocean_display_footer_bottom":"default","ocean_custom_footer_template":"0","footnotes":""},"class_list":["post-428","page","type-page","status-publish","hentry","entry"],"yoast_head":"<!-- This site is optimized with the Yoast SEO plugin v27.4 - https:\/\/yoast.com\/product\/yoast-seo-wordpress\/ -->\n<title>SENT - CMT - Sociedades Cient\u00edficas<\/title>\n<meta name=\"robots\" content=\"index, follow, max-snippet:-1, max-image-preview:large, max-video-preview:-1\" \/>\n<link rel=\"canonical\" href=\"https:\/\/colegiomedicotucuman.com.ar\/soccientificas\/inicio\/sent\/\" \/>\n<meta property=\"og:locale\" content=\"es_ES\" \/>\n<meta property=\"og:type\" content=\"article\" \/>\n<meta property=\"og:title\" content=\"SENT - CMT - Sociedades Cient\u00edficas\" \/>\n<meta property=\"og:description\" content=\"SOCIEDAD DE ENDOCRINOLOGIA Y NUTRICI\u00d3N DE TUCUM\u00c1N SENT AUTORIDADES Presidente: Dr. Ver\u00f3nica Pappalardo CONTACTO SEDE: Combate de Las Piedras 400 \u2013San Miguel de Tucum\u00e1n \u2013 Tucum\u00e1n TEL\u00c9FONOS: 3815421818 EMAIL: vquevedomartin@gmail.com \/ sent.endocrino.tucuman@gmail.com REDES EFEM\u00c9RIDES 25 de Mayo \/ D\u00eda Mundial de Tiroides\" \/>\n<meta property=\"og:url\" content=\"https:\/\/colegiomedicotucuman.com.ar\/soccientificas\/inicio\/sent\/\" \/>\n<meta property=\"og:site_name\" content=\"CMT - Sociedades Cient\u00edficas\" \/>\n<meta property=\"article:modified_time\" content=\"2022-03-22T23:47:22+00:00\" \/>\n<meta property=\"og:image\" content=\"https:\/\/colegiomedicotucuman.com.ar\/soccientificas\/wp-content\/uploads\/2022\/03\/cmt-web-img-log-soc-cient-endocrinol-ago-2021-150x150-1.png\" \/>\n<meta name=\"twitter:card\" content=\"summary_large_image\" \/>\n<meta name=\"twitter:label1\" content=\"Tiempo de lectura\" \/>\n\t<meta name=\"twitter:data1\" content=\"1 minuto\" \/>\n<script type=\"application\/ld+json\" class=\"yoast-schema-graph\">{\"@context\":\"https:\\\/\\\/schema.org\",\"@graph\":[{\"@type\":\"WebPage\",\"@id\":\"https:\\\/\\\/colegiomedicotucuman.com.ar\\\/soccientificas\\\/inicio\\\/sent\\\/\",\"url\":\"https:\\\/\\\/colegiomedicotucuman.com.ar\\\/soccientificas\\\/inicio\\\/sent\\\/\",\"name\":\"SENT - CMT - Sociedades Cient\u00edficas\",\"isPartOf\":{\"@id\":\"https:\\\/\\\/colegiomedicotucuman.com.ar\\\/soccientificas\\\/#website\"},\"primaryImageOfPage\":{\"@id\":\"https:\\\/\\\/colegiomedicotucuman.com.ar\\\/soccientificas\\\/inicio\\\/sent\\\/#primaryimage\"},\"image\":{\"@id\":\"https:\\\/\\\/colegiomedicotucuman.com.ar\\\/soccientificas\\\/inicio\\\/sent\\\/#primaryimage\"},\"thumbnailUrl\":\"https:\\\/\\\/colegiomedicotucuman.com.ar\\\/soccientificas\\\/wp-content\\\/uploads\\\/2022\\\/03\\\/cmt-web-img-log-soc-cient-endocrinol-ago-2021-150x150-1.png\",\"datePublished\":\"2022-03-22T15:21:18+00:00\",\"dateModified\":\"2022-03-22T23:47:22+00:00\",\"breadcrumb\":{\"@id\":\"https:\\\/\\\/colegiomedicotucuman.com.ar\\\/soccientificas\\\/inicio\\\/sent\\\/#breadcrumb\"},\"inLanguage\":\"es\",\"potentialAction\":[{\"@type\":\"ReadAction\",\"target\":[\"https:\\\/\\\/colegiomedicotucuman.com.ar\\\/soccientificas\\\/inicio\\\/sent\\\/\"]}]},{\"@type\":\"ImageObject\",\"inLanguage\":\"es\",\"@id\":\"https:\\\/\\\/colegiomedicotucuman.com.ar\\\/soccientificas\\\/inicio\\\/sent\\\/#primaryimage\",\"url\":\"https:\\\/\\\/colegiomedicotucuman.com.ar\\\/soccientificas\\\/wp-content\\\/uploads\\\/2022\\\/03\\\/cmt-web-img-log-soc-cient-endocrinol-ago-2021-150x150-1.png\",\"contentUrl\":\"https:\\\/\\\/colegiomedicotucuman.com.ar\\\/soccientificas\\\/wp-content\\\/uploads\\\/2022\\\/03\\\/cmt-web-img-log-soc-cient-endocrinol-ago-2021-150x150-1.png\",\"width\":150,\"height\":150},{\"@type\":\"BreadcrumbList\",\"@id\":\"https:\\\/\\\/colegiomedicotucuman.com.ar\\\/soccientificas\\\/inicio\\\/sent\\\/#breadcrumb\",\"itemListElement\":[{\"@type\":\"ListItem\",\"position\":1,\"name\":\"Portada\",\"item\":\"https:\\\/\\\/colegiomedicotucuman.com.ar\\\/soccientificas\\\/\"},{\"@type\":\"ListItem\",\"position\":2,\"name\":\"Inicio\",\"item\":\"https:\\\/\\\/colegiomedicotucuman.com.ar\\\/soccientificas\\\/\"},{\"@type\":\"ListItem\",\"position\":3,\"name\":\"SENT\"}]},{\"@type\":\"WebSite\",\"@id\":\"https:\\\/\\\/colegiomedicotucuman.com.ar\\\/soccientificas\\\/#website\",\"url\":\"https:\\\/\\\/colegiomedicotucuman.com.ar\\\/soccientificas\\\/\",\"name\":\"CMT - Sociedades Cient\u00edficas\",\"description\":\"Sitio Oficial\",\"publisher\":{\"@id\":\"https:\\\/\\\/colegiomedicotucuman.com.ar\\\/soccientificas\\\/#organization\"},\"potentialAction\":[{\"@type\":\"SearchAction\",\"target\":{\"@type\":\"EntryPoint\",\"urlTemplate\":\"https:\\\/\\\/colegiomedicotucuman.com.ar\\\/soccientificas\\\/?s={search_term_string}\"},\"query-input\":{\"@type\":\"PropertyValueSpecification\",\"valueRequired\":true,\"valueName\":\"search_term_string\"}}],\"inLanguage\":\"es\"},{\"@type\":\"Organization\",\"@id\":\"https:\\\/\\\/colegiomedicotucuman.com.ar\\\/soccientificas\\\/#organization\",\"name\":\"CMT - Sociedades Cient\u00edficas\",\"url\":\"https:\\\/\\\/colegiomedicotucuman.com.ar\\\/soccientificas\\\/\",\"logo\":{\"@type\":\"ImageObject\",\"inLanguage\":\"es\",\"@id\":\"https:\\\/\\\/colegiomedicotucuman.com.ar\\\/soccientificas\\\/#\\\/schema\\\/logo\\\/image\\\/\",\"url\":\"https:\\\/\\\/colegiomedicotucuman.com.ar\\\/soccientificas\\\/wp-content\\\/uploads\\\/2022\\\/03\\\/Logo-Soc-Cient-apaisado-en-blanco-letras-azules-164PX-2.png\",\"contentUrl\":\"https:\\\/\\\/colegiomedicotucuman.com.ar\\\/soccientificas\\\/wp-content\\\/uploads\\\/2022\\\/03\\\/Logo-Soc-Cient-apaisado-en-blanco-letras-azules-164PX-2.png\",\"width\":164,\"height\":61,\"caption\":\"CMT - Sociedades Cient\u00edficas\"},\"image\":{\"@id\":\"https:\\\/\\\/colegiomedicotucuman.com.ar\\\/soccientificas\\\/#\\\/schema\\\/logo\\\/image\\\/\"}}]}<\/script>\n<!-- \/ Yoast SEO plugin. -->","yoast_head_json":{"title":"SENT - CMT - Sociedades Cient\u00edficas","robots":{"index":"index","follow":"follow","max-snippet":"max-snippet:-1","max-image-preview":"max-image-preview:large","max-video-preview":"max-video-preview:-1"},"canonical":"https:\/\/colegiomedicotucuman.com.ar\/soccientificas\/inicio\/sent\/","og_locale":"es_ES","og_type":"article","og_title":"SENT - CMT - Sociedades Cient\u00edficas","og_description":"SOCIEDAD DE ENDOCRINOLOGIA Y NUTRICI\u00d3N DE TUCUM\u00c1N SENT AUTORIDADES Presidente: Dr. Ver\u00f3nica Pappalardo CONTACTO SEDE: Combate de Las Piedras 400 \u2013San Miguel de Tucum\u00e1n \u2013 Tucum\u00e1n TEL\u00c9FONOS: 3815421818 EMAIL: vquevedomartin@gmail.com \/ sent.endocrino.tucuman@gmail.com REDES EFEM\u00c9RIDES 25 de Mayo \/ D\u00eda Mundial de Tiroides","og_url":"https:\/\/colegiomedicotucuman.com.ar\/soccientificas\/inicio\/sent\/","og_site_name":"CMT - Sociedades Cient\u00edficas","article_modified_time":"2022-03-22T23:47:22+00:00","og_image":[{"url":"https:\/\/colegiomedicotucuman.com.ar\/soccientificas\/wp-content\/uploads\/2022\/03\/cmt-web-img-log-soc-cient-endocrinol-ago-2021-150x150-1.png","type":"","width":"","height":""}],"twitter_card":"summary_large_image","twitter_misc":{"Tiempo de lectura":"1 minuto"},"schema":{"@context":"https:\/\/schema.org","@graph":[{"@type":"WebPage","@id":"https:\/\/colegiomedicotucuman.com.ar\/soccientificas\/inicio\/sent\/","url":"https:\/\/colegiomedicotucuman.com.ar\/soccientificas\/inicio\/sent\/","name":"SENT - CMT - Sociedades Cient\u00edficas","isPartOf":{"@id":"https:\/\/colegiomedicotucuman.com.ar\/soccientificas\/#website"},"primaryImageOfPage":{"@id":"https:\/\/colegiomedicotucuman.com.ar\/soccientificas\/inicio\/sent\/#primaryimage"},"image":{"@id":"https:\/\/colegiomedicotucuman.com.ar\/soccientificas\/inicio\/sent\/#primaryimage"},"thumbnailUrl":"https:\/\/colegiomedicotucuman.com.ar\/soccientificas\/wp-content\/uploads\/2022\/03\/cmt-web-img-log-soc-cient-endocrinol-ago-2021-150x150-1.png","datePublished":"2022-03-22T15:21:18+00:00","dateModified":"2022-03-22T23:47:22+00:00","breadcrumb":{"@id":"https:\/\/colegiomedicotucuman.com.ar\/soccientificas\/inicio\/sent\/#breadcrumb"},"inLanguage":"es","potentialAction":[{"@type":"ReadAction","target":["https:\/\/colegiomedicotucuman.com.ar\/soccientificas\/inicio\/sent\/"]}]},{"@type":"ImageObject","inLanguage":"es","@id":"https:\/\/colegiomedicotucuman.com.ar\/soccientificas\/inicio\/sent\/#primaryimage","url":"https:\/\/colegiomedicotucuman.com.ar\/soccientificas\/wp-content\/uploads\/2022\/03\/cmt-web-img-log-soc-cient-endocrinol-ago-2021-150x150-1.png","contentUrl":"https:\/\/colegiomedicotucuman.com.ar\/soccientificas\/wp-content\/uploads\/2022\/03\/cmt-web-img-log-soc-cient-endocrinol-ago-2021-150x150-1.png","width":150,"height":150},{"@type":"BreadcrumbList","@id":"https:\/\/colegiomedicotucuman.com.ar\/soccientificas\/inicio\/sent\/#breadcrumb","itemListElement":[{"@type":"ListItem","position":1,"name":"Portada","item":"https:\/\/colegiomedicotucuman.com.ar\/soccientificas\/"},{"@type":"ListItem","position":2,"name":"Inicio","item":"https:\/\/colegiomedicotucuman.com.ar\/soccientificas\/"},{"@type":"ListItem","position":3,"name":"SENT"}]},{"@type":"WebSite","@id":"https:\/\/colegiomedicotucuman.com.ar\/soccientificas\/#website","url":"https:\/\/colegiomedicotucuman.com.ar\/soccientificas\/","name":"CMT - Sociedades Cient\u00edficas","description":"Sitio Oficial","publisher":{"@id":"https:\/\/colegiomedicotucuman.com.ar\/soccientificas\/#organization"},"potentialAction":[{"@type":"SearchAction","target":{"@type":"EntryPoint","urlTemplate":"https:\/\/colegiomedicotucuman.com.ar\/soccientificas\/?s={search_term_string}"},"query-input":{"@type":"PropertyValueSpecification","valueRequired":true,"valueName":"search_term_string"}}],"inLanguage":"es"},{"@type":"Organization","@id":"https:\/\/colegiomedicotucuman.com.ar\/soccientificas\/#organization","name":"CMT - Sociedades Cient\u00edficas","url":"https:\/\/colegiomedicotucuman.com.ar\/soccientificas\/","logo":{"@type":"ImageObject","inLanguage":"es","@id":"https:\/\/colegiomedicotucuman.com.ar\/soccientificas\/#\/schema\/logo\/image\/","url":"https:\/\/colegiomedicotucuman.com.ar\/soccientificas\/wp-content\/uploads\/2022\/03\/Logo-Soc-Cient-apaisado-en-blanco-letras-azules-164PX-2.png","contentUrl":"https:\/\/colegiomedicotucuman.com.ar\/soccientificas\/wp-content\/uploads\/2022\/03\/Logo-Soc-Cient-apaisado-en-blanco-letras-azules-164PX-2.png","width":164,"height":61,"caption":"CMT - Sociedades Cient\u00edficas"},"image":{"@id":"https:\/\/colegiomedicotucuman.com.ar\/soccientificas\/#\/schema\/logo\/image\/"}}]}},"_links":{"self":[{"href":"https:\/\/colegiomedicotucuman.com.ar\/soccientificas\/wp-json\/wp\/v2\/pages\/428","targetHints":{"allow":["GET"]}}],"collection":[{"href":"https:\/\/colegiomedicotucuman.com.ar\/soccientificas\/wp-json\/wp\/v2\/pages"}],"about":[{"href":"https:\/\/colegiomedicotucuman.com.ar\/soccientificas\/wp-json\/wp\/v2\/types\/page"}],"author":[{"embeddable":true,"href":"https:\/\/colegiomedicotucuman.com.ar\/soccientificas\/wp-json\/wp\/v2\/users\/2"}],"replies":[{"embeddable":true,"href":"https:\/\/colegiomedicotucuman.com.ar\/soccientificas\/wp-json\/wp\/v2\/comments?post=428"}],"version-history":[{"count":13,"href":"https:\/\/colegiomedicotucuman.com.ar\/soccientificas\/wp-json\/wp\/v2\/pages\/428\/revisions"}],"predecessor-version":[{"id":938,"href":"https:\/\/colegiomedicotucuman.com.ar\/soccientificas\/wp-json\/wp\/v2\/pages\/428\/revisions\/938"}],"up":[{"embeddable":true,"href":"https:\/\/colegiomedicotucuman.com.ar\/soccientificas\/wp-json\/wp\/v2\/pages\/5"}],"wp:attachment":[{"href":"https:\/\/colegiomedicotucuman.com.ar\/soccientificas\/wp-json\/wp\/v2\/media?parent=428"}],"curies":[{"name":"wp","href":"https:\/\/api.w.org\/{rel}","templated":true}]}}